{"id":11,"date":"2025-12-26T20:06:20","date_gmt":"2025-12-26T19:06:20","guid":{"rendered":"https:\/\/www.tanyahan.at\/wp\/?page_id=11"},"modified":"2026-03-02T23:43:17","modified_gmt":"2026-03-02T22:43:17","slug":"foodtrailer","status":"publish","type":"page","link":"https:\/\/www.tanyahan.at\/wp\/foodtrailer\/","title":{"rendered":"Foodtrailer"},"content":{"rendered":"\t\t<div data-elementor-type=\"wp-page\" data-elementor-id=\"11\" class=\"elementor elementor-11\">\n\t\t\t\t<div class=\"elementor-element elementor-element-3396049 e-flex e-con-boxed wpr-sticky-section-no e-con e-parent\" data-id=\"3396049\" data-element_type=\"container\" data-settings=\"{&quot;background_background&quot;:&quot;classic&quot;,&quot;_ha_eqh_enable&quot;:false}\">\n\t\t\t\t\t<div class=\"e-con-inner\">\n\t\t\t\t<div class=\"elementor-element elementor-element-6b2088a exad-sticky-section-no ha-has-bg-overlay elementor-widget elementor-widget-text-editor\" data-id=\"6b2088a\" data-element_type=\"widget\" data-widget_type=\"text-editor.default\">\n\t\t\t\t\t\t\t\t\t<h6 class=\"wp-block-heading\">Tanyahan &#8211; Authentische thail\u00e4ndische K\u00fcche<\/h6>\n<p><!-- \/wp:heading --><!-- wp:paragraph --><\/p>\n<p><strong>Willkommen bei unserem Thai-Foodtruck, wo authentische thail\u00e4ndische Gerichte die Aromen und Traditionen Thailands erlebbar machen!<\/strong><\/p>\n<p>Unsere Gerichte werden mit frischen, hochwertigen Zutaten nach Originalrezepten zubereitet. Von hausgemachten Fr\u00fchlingsrollen, frittierten Garnelen, pikanten Suppen bis hin zu aromatischen Currys oder Wokgerichten mit Reis, jedes Angebot wird mit thail\u00e4ndischen Saucen und Gew\u00fcrzen und frischen Zutaten aus der Region f\u00fcr dich zubereitet. Egal ob du ein Fan von scharfen Speisen mit viel Chili bist oder es lieber mild magst, wir haben f\u00fcr jeden Gaumen ein passendes Angebot!\u00a0<\/p>\n<p><span class=\"cf0\">W\u00e4hle aus unserer <a href=\"https:\/\/www.tanyahan.at\/wp\/menue\/\">reichhaltigen Auswahl<\/a> an authentisch-thail\u00e4ndischen Speisen und Getr\u00e4nken. F\u00fcr eventuelle Sonderw\u00fcnsche bei der Zubereitung haben wir stets ein offenes Ohr f\u00fcr unsere G\u00e4ste!<br \/>Alle Speisen k\u00f6nnen selbstverst\u00e4ndlich auch in umweltfreundlichen Verpackungen f\u00fcr Zuhause mitgenommen werden.<\/span><\/p>\n<p>Erlebe authentisches Thaifood, das nicht nur satt macht, sondern gl\u00fccklich.<br \/>Schnell, frisch und mit einem L\u00e4cheln serviert \u2013 direkt aus dem Foodtruck!<\/p>\n<p>Besuche uns an unseren <a href=\"https:\/\/www.tanyahan.at\/wp\/kontakt\/\">Standorten<\/a> oder buche ein individuelles, pers\u00f6nliches <a href=\"https:\/\/www.tanyahan.at\/wp\/catering\/\">Catering<\/a> f\u00fcr deine private Party oder Firmenevent.<\/p>\n<p>Wir freuen uns auf deinen Besuch! \u00a0<\/p>\t\t\t\t\t\t\t\t<\/div>\n\t\t\t\t\t<\/div>\n\t\t\t\t<\/div>\n\t\t<div class=\"elementor-element elementor-element-7a91cbb e-flex e-con-boxed elementor-invisible e-con e-parent\" data-id=\"7a91cbb\" data-element_type=\"container\" data-settings=\"{&quot;animation&quot;:&quot;zoomIn&quot;,&quot;_ha_eqh_enable&quot;:false}\">\n\t\t\t\t\t<div class=\"e-con-inner\">\n\t\t\t\t<div class=\"elementor-element elementor-element-ce6b02d animated-fast exad-sticky-section-no elementor-invisible elementor-widget elementor-widget-exad-call-to-action\" data-id=\"ce6b02d\" data-element_type=\"widget\" data-settings=\"{&quot;_animation&quot;:&quot;zoomIn&quot;}\" data-widget_type=\"exad-call-to-action.default\">\n\t\t\t\t<div class=\"elementor-widget-container\">\n\t\t\t\t\t\r\n        <div class=\"exad-call-to-action skin-vertical\">\r\n            \t\t    <div class=\"exad-call-to-action-content\">\r\n                <div class=\"exad-call-to-action-header\">\r\n                <h4 class=\"exad-call-to-action-title\">TANYAHAN - Authentisch thail\u00e4ndische K\u00fcche<\/h4>                        <div class=\"exad-call-to-action-subtitle\">\r\n                            <p>Bestelle hier dein Essen aus unserem reichhaltigen Angebot an thail\u00e4ndischen Gerichten!<\/p>                        <\/div>\r\n                    \t\t\t    <\/div>\r\n\t\t\t\t\r\n\t\t\t\t\r\n\t\t\t    <div class=\"exad-call-to-action-footer\">\r\n                    <ul class=\"exad-call-to-action-buttons effect-9\">\r\n                                                <li>\r\n                                <a class=\"exad-call-to-action-primary-btn\" href=\"https:\/\/www.foodbooking.com\/api\/fb\/8_yw_o_g\" target=\"_blank\">\r\n                                            <span class=\"exad-cta-primary-btn-class\">\r\n            ONLINE BESTELLEN        <\/span>\r\n                                    <\/a>\r\n                            <\/li>\r\n                                                    <li>\r\n                                <a class=\"exad-call-to-action-secondary-btn\" href=\"tel:+436642428164\">\r\n                                            <span class=\"exad-cta-secondary-btn-class\">\r\n            ANRUFEN +43 664 2428164        <\/span>\r\n                                    <\/a>\r\n                            <\/li>\r\n                                            <\/ul>\r\n\t\t\t    <\/div>\r\n\t\t    <\/div>\r\n            \t\t<\/div>\r\n    \t\t\t\t<\/div>\n\t\t\t\t<\/div>\n\t\t\t\t\t<\/div>\n\t\t\t\t<\/div>\n\t\t<div class=\"elementor-element elementor-element-32e4765 e-flex e-con-boxed wpr-sticky-section-no e-con e-parent\" data-id=\"32e4765\" data-element_type=\"container\" data-settings=\"{&quot;background_background&quot;:&quot;classic&quot;,&quot;_ha_eqh_enable&quot;:false}\">\n\t\t\t\t\t<div class=\"e-con-inner\">\n\t\t<div class=\"elementor-element elementor-element-caf91c8 e-grid e-con-full wpr-sticky-section-no e-con e-child\" data-id=\"caf91c8\" data-element_type=\"container\" data-settings=\"{&quot;background_background&quot;:&quot;classic&quot;}\">\n\t\t\t\t<div class=\"elementor-element elementor-element-e9e3850 exad-sticky-section-no elementor-widget elementor-widget-image\" data-id=\"e9e3850\" data-element_type=\"widget\" data-widget_type=\"image.default\">\n\t\t\t\t\t\t\t\t\t\t\t\t\t\t\t<img fetchpriority=\"high\" decoding=\"async\" width=\"300\" height=\"206\" src=\"https:\/\/www.tanyahan.at\/wp\/wp-content\/uploads\/2026\/01\/vorspeisen-300x206.jpg\" class=\"attachment-medium size-medium wp-image-2150\" alt=\"Vorspeisen\" srcset=\"https:\/\/www.tanyahan.at\/wp\/wp-content\/uploads\/2026\/01\/vorspeisen-300x206.jpg 300w, https:\/\/www.tanyahan.at\/wp\/wp-content\/uploads\/2026\/01\/vorspeisen.jpg 500w\" sizes=\"(max-width: 300px) 100vw, 300px\" \/>\t\t\t\t\t\t\t\t\t\t\t\t\t\t\t<\/div>\n\t\t\t\t<div class=\"elementor-element elementor-element-e80e9e3 exad-sticky-section-no elementor-widget elementor-widget-image\" data-id=\"e80e9e3\" data-element_type=\"widget\" data-widget_type=\"image.default\">\n\t\t\t\t\t\t\t\t\t\t\t\t\t\t\t<img decoding=\"async\" width=\"300\" height=\"206\" src=\"https:\/\/www.tanyahan.at\/wp\/wp-content\/uploads\/2026\/01\/wokgerichte-300x206.jpg\" class=\"attachment-medium size-medium wp-image-2151\" alt=\"Wokgerichte\" srcset=\"https:\/\/www.tanyahan.at\/wp\/wp-content\/uploads\/2026\/01\/wokgerichte-300x206.jpg 300w, https:\/\/www.tanyahan.at\/wp\/wp-content\/uploads\/2026\/01\/wokgerichte.jpg 500w\" sizes=\"(max-width: 300px) 100vw, 300px\" \/>\t\t\t\t\t\t\t\t\t\t\t\t\t\t\t<\/div>\n\t\t\t\t<div class=\"elementor-element elementor-element-d5136f3 exad-sticky-section-no elementor-widget elementor-widget-image\" data-id=\"d5136f3\" data-element_type=\"widget\" data-widget_type=\"image.default\">\n\t\t\t\t\t\t\t\t\t\t\t\t\t\t\t<img decoding=\"async\" width=\"300\" height=\"206\" src=\"https:\/\/www.tanyahan.at\/wp\/wp-content\/uploads\/2026\/01\/nudelgerichte-300x206.jpg\" class=\"attachment-medium size-medium wp-image-2148\" alt=\"Nudelgerichte\" srcset=\"https:\/\/www.tanyahan.at\/wp\/wp-content\/uploads\/2026\/01\/nudelgerichte-300x206.jpg 300w, https:\/\/www.tanyahan.at\/wp\/wp-content\/uploads\/2026\/01\/nudelgerichte.jpg 500w\" sizes=\"(max-width: 300px) 100vw, 300px\" \/>\t\t\t\t\t\t\t\t\t\t\t\t\t\t\t<\/div>\n\t\t\t\t<div class=\"elementor-element elementor-element-e44648b exad-sticky-section-no elementor-widget elementor-widget-image\" data-id=\"e44648b\" data-element_type=\"widget\" data-widget_type=\"image.default\">\n\t\t\t\t\t\t\t\t\t\t\t\t\t\t\t<img loading=\"lazy\" decoding=\"async\" width=\"500\" height=\"344\" src=\"https:\/\/www.tanyahan.at\/wp\/wp-content\/uploads\/2026\/01\/reisgerichte.jpg\" class=\"attachment-large size-large wp-image-2149\" alt=\"Reisgerichte\" srcset=\"https:\/\/www.tanyahan.at\/wp\/wp-content\/uploads\/2026\/01\/reisgerichte.jpg 500w, https:\/\/www.tanyahan.at\/wp\/wp-content\/uploads\/2026\/01\/reisgerichte-300x206.jpg 300w\" sizes=\"(max-width: 500px) 100vw, 500px\" \/>\t\t\t\t\t\t\t\t\t\t\t\t\t\t\t<\/div>\n\t\t\t\t<div class=\"elementor-element elementor-element-37b711a exad-sticky-section-no elementor-widget elementor-widget-image\" data-id=\"37b711a\" data-element_type=\"widget\" data-widget_type=\"image.default\">\n\t\t\t\t\t\t\t\t\t\t\t\t\t\t\t<img loading=\"lazy\" decoding=\"async\" width=\"500\" height=\"344\" src=\"https:\/\/www.tanyahan.at\/wp\/wp-content\/uploads\/2026\/01\/currygerichte.jpg\" class=\"attachment-large size-large wp-image-2147\" alt=\"Currygerichte\" srcset=\"https:\/\/www.tanyahan.at\/wp\/wp-content\/uploads\/2026\/01\/currygerichte.jpg 500w, https:\/\/www.tanyahan.at\/wp\/wp-content\/uploads\/2026\/01\/currygerichte-300x206.jpg 300w\" sizes=\"(max-width: 500px) 100vw, 500px\" \/>\t\t\t\t\t\t\t\t\t\t\t\t\t\t\t<\/div>\n\t\t\t\t<div class=\"elementor-element elementor-element-3e5f053 exad-sticky-section-no elementor-widget elementor-widget-text-editor\" data-id=\"3e5f053\" data-element_type=\"widget\" data-widget_type=\"text-editor.default\">\n\t\t\t\t\t\t\t\t\t<h6>Vorspeisen<\/h6>\n<p>Poh Pia Thod<br \/>Poh Pia Pak<br \/>Gai Krob<br \/>Gyoza<br \/>Torpedo Gung<br \/>Tanyahan Snackmix<\/p>\t\t\t\t\t\t\t\t<\/div>\n\t\t\t\t<div class=\"elementor-element elementor-element-f3a0e08 exad-sticky-section-no elementor-widget elementor-widget-text-editor\" data-id=\"f3a0e08\" data-element_type=\"widget\" data-widget_type=\"text-editor.default\">\n\t\t\t\t\t\t\t\t\t<h6>Wokgerichte<\/h6><p>Pad Med Mamuang<br \/>Pad Priew Wan<br \/>Pad Nam Man Hoy<br \/>Pad Ka Prao<br \/>Pad Khing<br \/>Pad Prik Thai Dam<\/p>\t\t\t\t\t\t\t\t<\/div>\n\t\t\t\t<div class=\"elementor-element elementor-element-5918082 exad-sticky-section-no elementor-widget elementor-widget-text-editor\" data-id=\"5918082\" data-element_type=\"widget\" data-widget_type=\"text-editor.default\">\n\t\t\t\t\t\t\t\t\t<h6>Nudelgerichte<\/h6><p>Pad Thai<br \/>Ba Mee Pad<\/p>\t\t\t\t\t\t\t\t<\/div>\n\t\t\t\t<div class=\"elementor-element elementor-element-2d7dc23 exad-sticky-section-no elementor-widget elementor-widget-text-editor\" data-id=\"2d7dc23\" data-element_type=\"widget\" data-widget_type=\"text-editor.default\">\n\t\t\t\t\t\t\t\t\t<h6>Reisgerichte<\/h6><p>Khao Pad<br \/>Khao Pad Pong Kari<\/p>\t\t\t\t\t\t\t\t<\/div>\n\t\t\t\t<div class=\"elementor-element elementor-element-87450e3 exad-sticky-section-no elementor-widget elementor-widget-text-editor\" data-id=\"87450e3\" data-element_type=\"widget\" data-widget_type=\"text-editor.default\">\n\t\t\t\t\t\t\t\t\t<h6>Currygerichte<\/h6>\n<p>Gaeng Daeng<br \/>Gaeng Khiaw Wan<\/p>\t\t\t\t\t\t\t\t<\/div>\n\t\t\t\t<\/div>\n\t\t\t\t\t<\/div>\n\t\t\t\t<\/div>\n\t\t<div class=\"elementor-element elementor-element-247c99ee e-flex e-con-boxed wpr-sticky-section-no e-con e-parent\" data-id=\"247c99ee\" data-element_type=\"container\" data-settings=\"{&quot;background_background&quot;:&quot;classic&quot;,&quot;_ha_eqh_enable&quot;:false}\">\n\t\t\t\t\t<div class=\"e-con-inner\">\n\t\t\t\t<div class=\"elementor-element elementor-element-0499d27 exad-sticky-section-no elementor-widget elementor-widget-exad-animated-text\" data-id=\"0499d27\" data-element_type=\"widget\" data-widget_type=\"exad-animated-text.default\">\n\t\t\t\t<div class=\"elementor-widget-container\">\n\t\t\t\t\t\r\n\t\t<div class=\"exad-animated-text exad-animated-text-align-center\">\r\n\r\n\t\t\t\r\n\t\t\t<h4 class=\"exad-typed-strings\" data-type_string=\"[&quot;Wir suchen Standorte f\\u00fcr unseren Foodtrailer!&quot;]\" data-heading_animation=\"exad-typed-animation\" data-type_speed=\"60\" data-back_type_speed=\"60\" data-loop=\"yes\" data-show_cursor=\"yes\" data-fade_out=\"yes\" data-smart_backspace=\"yes\" data-start_delay=\"1000\" data-back_delay=\"1000\">\r\n\r\n\t\t\t\t\t\t\t\t\r\n\t\t\t\t<span class=\"exad-animated-text-pre-heading\">\r\n\t\t\t\t\t\t\t\t\t<\/span>\r\n\t\t\t\t\r\n\t\t\t\t<span id=\"exad-animated-text-482\" class=\"exad-animated-text-animated-heading\"><\/span>\r\n\t\t\t<\/h4>\r\n\r\n\t\t\t\r\n\t\t<\/div>\r\n\t\t\t\t\t<\/div>\n\t\t\t\t<\/div>\n\t\t\t\t<div class=\"elementor-element elementor-element-e08c06e exad-sticky-section-no ha-has-bg-overlay elementor-widget elementor-widget-text-editor\" data-id=\"e08c06e\" data-element_type=\"widget\" data-widget_type=\"text-editor.default\">\n\t\t\t\t\t\t\t\t\t<p><strong><em>Wir sind auf der Suche nach weiteren Standpl\u00e4tzen f\u00fcr unseren beliebten Foodtruck!<\/em><\/strong><br \/><em>Wenn Sie einen Standort in den Bezirken Linz, Freistadt oder Urfahr-Umgebung anbieten k\u00f6nnen freuen wir uns auf Ihre Kontaktaufnahme.<\/em><\/p><p><em>Was wir bieten:<\/em><\/p><ul><li><p><em>Frische, k\u00f6stliche Gerichte direkt aus unserem Foodtruck<\/em><\/p><\/li><li><p><em>Ein Anziehungspunkt f\u00fcr Kunden und G\u00e4ste<\/em><\/p><\/li><li><p><em>Flexible Standzeiten und unkomplizierte Zusammenarbeit<\/em><\/p><\/li><\/ul><p class=\"pf0\"><em>Werden Sie Teil unserer Genussreise und bringen Sie frischen Schwung an Ihren Standort &#8211; <a href=\"mailto:info@tanyahan.at\">kontaktieren Sie uns noch heute<\/a>!<\/em><!--EndFragment --><\/p>\t\t\t\t\t\t\t\t<\/div>\n\t\t\t\t\t<\/div>\n\t\t\t\t<\/div>\n\t\t\t\t<\/div>\n\t\t","protected":false},"excerpt":{"rendered":"<p>Tanyahan &#8211; Authentische thail\u00e4ndische K\u00fcche Willkommen bei unserem Thai-Foodtruck, wo authentische thail\u00e4ndische Gerichte die Aromen und Traditionen Thailands erlebbar machen! Unsere Gerichte werden mit frischen, hochwertigen Zutaten nach Originalrezepten zubereitet. Von hausgemachten Fr\u00fchlingsrollen, frittierten Garnelen, pikanten Suppen bis hin zu aromatischen Currys oder Wokgerichten mit Reis, jedes Angebot wird mit thail\u00e4ndischen Saucen und Gew\u00fcrzen und frischen Zutaten aus der Region f\u00fcr dich zubereitet. Egal ob du ein Fan von scharfen Speisen mit viel Chili bist oder es lieber mild magst, wir haben f\u00fcr jeden Gaumen ein passendes Angebot!\u00a0 W\u00e4hle aus unserer reichhaltigen Auswahl an authentisch-thail\u00e4ndischen Speisen und Getr\u00e4nken. F\u00fcr eventuelle Sonderw\u00fcnsche bei der Zubereitung haben wir stets ein offenes Ohr f\u00fcr unsere G\u00e4ste!Alle Speisen k\u00f6nnen selbstverst\u00e4ndlich auch in umweltfreundlichen Verpackungen f\u00fcr Zuhause mitgenommen werden. Erlebe authentisches Thaifood, das nicht nur satt macht, sondern gl\u00fccklich.Schnell, frisch und mit einem L\u00e4cheln serviert \u2013 direkt aus dem Foodtruck! Besuche uns an unseren Standorten oder buche ein individuelles, pers\u00f6nliches Catering f\u00fcr deine private Party oder Firmenevent. Wir freuen uns auf deinen Besuch! \u00a0 TANYAHAN &#8211; Authentisch thail\u00e4ndische K\u00fcche Bestelle hier dein Essen aus unserem reichhaltigen Angebot an thail\u00e4ndischen Gerichten! ONLINE BESTELLEN ANRUFEN +43 664 2428164 Vorspeisen Poh Pia ThodPoh Pia PakGai KrobGyozaTorpedo GungTanyahan Snackmix Wokgerichte Pad Med MamuangPad Priew WanPad Nam Man HoyPad Ka PraoPad KhingPad Prik Thai Dam Nudelgerichte Pad ThaiBa Mee Pad Reisgerichte Khao PadKhao Pad Pong Kari Currygerichte Gaeng DaengGaeng Khiaw Wan Wir sind auf der Suche nach weiteren Standpl\u00e4tzen f\u00fcr unseren beliebten Foodtruck!Wenn Sie einen Standort in den Bezirken Linz, Freistadt oder Urfahr-Umgebung anbieten k\u00f6nnen freuen wir uns auf Ihre Kontaktaufnahme. Was wir bieten: Frische, k\u00f6stliche Gerichte direkt aus unserem Foodtruck Ein Anziehungspunkt f\u00fcr Kunden und G\u00e4ste Flexible Standzeiten und unkomplizierte Zusammenarbeit Werden Sie Teil unserer Genussreise und bringen Sie frischen Schwung an Ihren Standort &#8211; kontaktieren Sie uns noch heute!<\/p>\n","protected":false},"author":1,"featured_media":0,"parent":0,"menu_order":0,"comment_status":"closed","ping_status":"closed","template":"","meta":{"site-sidebar-layout":"default","site-content-layout":"","ast-site-content-layout":"default","site-content-style":"default","site-sidebar-style":"default","ast-global-header-display":"","ast-banner-title-visibility":"","ast-main-header-display":"","ast-hfb-above-header-display":"","ast-hfb-below-header-display":"","ast-hfb-mobile-header-display":"","site-post-title":"","ast-breadcrumbs-content":"","ast-featured-img":"","footer-sml-layout":"","ast-disable-related-posts":"","theme-transparent-header-meta":"default","adv-header-id-meta":"","stick-header-meta":"","header-above-stick-meta":"","header-main-stick-meta":"","header-below-stick-meta":"","astra-migrate-meta-layouts":"default","ast-page-background-enabled":"default","ast-page-background-meta":{"desktop":{"background-color":"var(--ast-global-color-5)","background-image":"","background-repeat":"repeat","background-position":"center center","background-size":"auto","background-attachment":"scroll","background-type":"","background-media":"","overlay-type":"","overlay-color":"","overlay-opacity":"","overlay-gradient":""},"tablet":{"background-color":"","background-image":"","background-repeat":"repeat","background-position":"center center","background-size":"auto","background-attachment":"scroll","background-type":"","background-media":"","overlay-type":"","overlay-color":"","overlay-opacity":"","overlay-gradient":""},"mobile":{"background-color":"","background-image":"","background-repeat":"repeat","background-position":"center center","background-size":"auto","background-attachment":"scroll","background-type":"","background-media":"","overlay-type":"","overlay-color":"","overlay-opacity":"","overlay-gradient":""}},"ast-content-background-meta":{"desktop":{"background-color":"var(--ast-global-color-4)","background-image":"","background-repeat":"repeat","background-position":"center center","background-size":"auto","background-attachment":"scroll","background-type":"","background-media":"","overlay-type":"","overlay-color":"","overlay-opacity":"","overlay-gradient":""},"tablet":{"background-color":"var(--ast-global-color-4)","background-image":"","background-repeat":"repeat","background-position":"center center","background-size":"auto","background-attachment":"scroll","background-type":"","background-media":"","overlay-type":"","overlay-color":"","overlay-opacity":"","overlay-gradient":""},"mobile":{"background-color":"var(--ast-global-color-4)","background-image":"","background-repeat":"repeat","background-position":"center center","background-size":"auto","background-attachment":"scroll","background-type":"","background-media":"","overlay-type":"","overlay-color":"","overlay-opacity":"","overlay-gradient":""}},"footnotes":""},"class_list":["post-11","page","type-page","status-publish","hentry"],"_links":{"self":[{"href":"https:\/\/www.tanyahan.at\/wp\/wp-json\/wp\/v2\/pages\/11","targetHints":{"allow":["GET"]}}],"collection":[{"href":"https:\/\/www.tanyahan.at\/wp\/wp-json\/wp\/v2\/pages"}],"about":[{"href":"https:\/\/www.tanyahan.at\/wp\/wp-json\/wp\/v2\/types\/page"}],"author":[{"embeddable":true,"href":"https:\/\/www.tanyahan.at\/wp\/wp-json\/wp\/v2\/users\/1"}],"replies":[{"embeddable":true,"href":"https:\/\/www.tanyahan.at\/wp\/wp-json\/wp\/v2\/comments?post=11"}],"version-history":[{"count":177,"href":"https:\/\/www.tanyahan.at\/wp\/wp-json\/wp\/v2\/pages\/11\/revisions"}],"predecessor-version":[{"id":3134,"href":"https:\/\/www.tanyahan.at\/wp\/wp-json\/wp\/v2\/pages\/11\/revisions\/3134"}],"wp:attachment":[{"href":"https:\/\/www.tanyahan.at\/wp\/wp-json\/wp\/v2\/media?parent=11"}],"curies":[{"name":"wp","href":"https:\/\/api.w.org\/{rel}","templated":true}]}}